{"id":207,"date":"2022-02-07T09:38:29","date_gmt":"2022-02-07T12:38:29","guid":{"rendered":"https:\/\/demosites.royal-elementor-addons.com\/lawyer-v1\/?page_id=207"},"modified":"2026-02-25T22:01:19","modified_gmt":"2026-02-26T01:01:19","slug":"sobre-o-autor","status":"publish","type":"page","link":"https:\/\/jairomenegaz.com.br\/index.php\/sobre-o-autor\/","title":{"rendered":"Sobre o Autor"},"content":{"rendered":"\t\t<div data-elementor-type=\"wp-page\" data-elementor-id=\"207\" class=\"elementor elementor-207\">\n\t\t\t\t\t\t<section class=\"elementor-section elementor-top-section elementor-element elementor-element-55ccf8c elementor-section-height-min-height elementor-section-boxed elementor-section-height-default elementor-section-items-middle wpr-particle-no wpr-jarallax-no wpr-parallax-no wpr-sticky-section-no\" data-id=\"55ccf8c\" data-element_type=\"section\" data-e-type=\"section\" data-settings=\"{&quot;background_background&quot;:&quot;classic&quot;,&quot;shape_divider_bottom&quot;:&quot;opacity-tilt&quot;}\">\n\t\t\t\t\t\t\t<div class=\"elementor-background-overlay\"><\/div>\n\t\t\t\t\t\t<div class=\"elementor-shape elementor-shape-bottom\" aria-hidden=\"true\" data-negative=\"false\">\n\t\t\t<svg xmlns=\"http:\/\/www.w3.org\/2000\/svg\" viewBox=\"0 0 2600 131.1\" preserveAspectRatio=\"none\">\n\t<path class=\"elementor-shape-fill\" d=\"M0 0L2600 0 2600 69.1 0 0z\"\/>\n\t<path class=\"elementor-shape-fill\" style=\"opacity:0.5\" d=\"M0 0L2600 0 2600 69.1 0 69.1z\"\/>\n\t<path class=\"elementor-shape-fill\" style=\"opacity:0.25\" d=\"M2600 0L0 0 0 130.1 2600 69.1z\"\/>\n<\/svg>\t\t<\/div>\n\t\t\t\t\t<div class=\"elementor-container elementor-column-gap-default\">\n\t\t\t\t\t<div class=\"elementor-column elementor-col-100 elementor-top-column elementor-element elementor-element-875411e\" data-id=\"875411e\" data-element_type=\"column\" data-e-type=\"column\">\n\t\t\t<div class=\"elementor-widget-wrap elementor-element-populated\">\n\t\t\t\t\t\t<div class=\"elementor-element elementor-element-325071c elementor-widget elementor-widget-heading\" data-id=\"325071c\" data-element_type=\"widget\" data-e-type=\"widget\" data-widget_type=\"heading.default\">\n\t\t\t\t\t<h2 class=\"elementor-heading-title elementor-size-default\">Jairo Menegaz<\/h2>\t\t\t\t<\/div>\n\t\t\t\t\t<\/div>\n\t\t<\/div>\n\t\t\t\t\t<\/div>\n\t\t<\/section>\n\t\t\t\t<section class=\"elementor-section elementor-top-section elementor-element elementor-element-9842aa4 elementor-section-boxed elementor-section-height-default elementor-section-height-default wpr-particle-no wpr-jarallax-no wpr-parallax-no wpr-sticky-section-no\" data-id=\"9842aa4\" data-element_type=\"section\" data-e-type=\"section\">\n\t\t\t\t\t\t<div class=\"elementor-container elementor-column-gap-default\">\n\t\t\t\t\t<div class=\"elementor-column elementor-col-100 elementor-top-column elementor-element elementor-element-c2038fe\" data-id=\"c2038fe\" data-element_type=\"column\" data-e-type=\"column\">\n\t\t\t<div class=\"elementor-widget-wrap elementor-element-populated\">\n\t\t\t\t\t\t<div class=\"elementor-element elementor-element-937f63d elementor-widget elementor-widget-image\" data-id=\"937f63d\" data-element_type=\"widget\" data-e-type=\"widget\" data-widget_type=\"image.default\">\n\t\t\t\t\t\t\t\t\t\t\t\t\t\t\t<img fetchpriority=\"high\" decoding=\"async\" width=\"450\" height=\"450\" src=\"https:\/\/jairomenegaz.com.br\/wp-content\/uploads\/2026\/02\/jairo-menegaz02.jpeg\" class=\"attachment-large size-large wp-image-1213\" alt=\"\" srcset=\"https:\/\/jairomenegaz.com.br\/wp-content\/uploads\/2026\/02\/jairo-menegaz02.jpeg 450w, https:\/\/jairomenegaz.com.br\/wp-content\/uploads\/2026\/02\/jairo-menegaz02-300x300.jpeg 300w, https:\/\/jairomenegaz.com.br\/wp-content\/uploads\/2026\/02\/jairo-menegaz02-150x150.jpeg 150w\" sizes=\"(max-width: 450px) 100vw, 450px\" \/>\t\t\t\t\t\t\t\t\t\t\t\t\t\t\t<\/div>\n\t\t\t\t<div class=\"elementor-element elementor-element-d17dc0f elementor-widget elementor-widget-heading\" data-id=\"d17dc0f\" data-element_type=\"widget\" data-e-type=\"widget\" data-widget_type=\"heading.default\">\n\t\t\t\t\t<h2 class=\"elementor-heading-title elementor-size-default\">Engenheiro agr\u00f4nomo, servidor federal no IBAMA e Especialistas em Gest\u00e3o Ambiental e Ordenamento Territorial  CIORD - Convenio UnB-SAE-PR (  Presid\u00eancia da Rep\u00fablica )<\/h2>\t\t\t\t<\/div>\n\t\t\t\t<div class=\"elementor-element elementor-element-7436fc7 elementor-widget-divider--view-line elementor-widget elementor-widget-divider\" data-id=\"7436fc7\" data-element_type=\"widget\" data-e-type=\"widget\" data-widget_type=\"divider.default\">\n\t\t\t\t\t\t\t<div class=\"elementor-divider\">\n\t\t\t<span class=\"elementor-divider-separator\">\n\t\t\t\t\t\t<\/span>\n\t\t<\/div>\n\t\t\t\t\t\t<\/div>\n\t\t\t\t\t<\/div>\n\t\t<\/div>\n\t\t\t\t\t<\/div>\n\t\t<\/section>\n\t\t\t\t<section class=\"elementor-section elementor-top-section elementor-element elementor-element-3868af4 elementor-section-boxed elementor-section-height-default elementor-section-height-default wpr-particle-no wpr-jarallax-no wpr-parallax-no wpr-sticky-section-no\" data-id=\"3868af4\" data-element_type=\"section\" data-e-type=\"section\" data-settings=\"{&quot;background_background&quot;:&quot;classic&quot;}\">\n\t\t\t\t\t\t<div class=\"elementor-container elementor-column-gap-no\">\n\t\t\t\t\t<div class=\"elementor-column elementor-col-100 elementor-top-column elementor-element elementor-element-7585279\" data-id=\"7585279\" data-element_type=\"column\" data-e-type=\"column\">\n\t\t\t<div class=\"elementor-widget-wrap elementor-element-populated\">\n\t\t\t\t\t\t<div class=\"elementor-element elementor-element-c852840 elementor-widget elementor-widget-text-editor\" data-id=\"c852840\" data-element_type=\"widget\" data-e-type=\"widget\" data-widget_type=\"text-editor.default\">\n\t\t\t\t\t\t\t\t\t<p data-start=\"107\" data-end=\"387\">Sou Engenheiro Agr\u00f4nomo formado em Passo Fundo, com Especializa\u00e7\u00e3o em Gest\u00e3o Ambiental e Ordenamento Territorial pela UNB\/CIORD \u2013 SAE\/Presid\u00eancia da Rep\u00fablica. Minha trajet\u00f3ria profissional \u00e9 marcada pela integra\u00e7\u00e3o entre ci\u00eancia agron\u00f4mica, gest\u00e3o p\u00fablica e milit\u00e2ncia ambiental.<\/p><p data-start=\"389\" data-end=\"718\">Iniciei minha atua\u00e7\u00e3o ainda na juventude, participando de pesquisas pioneiras em manejo integrado de pragas e controle biol\u00f3gico ao lado de pesquisadores da Embrapa Trigo. Desde a d\u00e9cada de 1970, estou envolvido com o movimento ecol\u00f3gico e com iniciativas voltadas \u00e0 agricultura alternativa e \u00e0 agroecologia no Rio Grande do Sul.<\/p><p data-start=\"720\" data-end=\"1145\">Fui vice-presidente da AGAPAN e atuei na SARGS, contribuindo para o fortalecimento do debate t\u00e9cnico sobre agricultura sustent\u00e1vel e reforma agr\u00e1ria. Em Porto Alegre, trabalhei como Diretor do Centro Agr\u00edcola Demonstrativo (CAD), onde desenvolvi programas de capacita\u00e7\u00e3o em agroecologia e apoiei a inser\u00e7\u00e3o de produtos org\u00e2nicos na rede p\u00fablica. Tamb\u00e9m participei do projeto de restaura\u00e7\u00e3o do Mercado P\u00fablico de Porto Alegre.<\/p><p data-start=\"1147\" data-end=\"1506\">Atuei em programas de desenvolvimento sustent\u00e1vel na Amaz\u00f4nia e no Rio Grande do Sul, incluindo o PRO-MAR de DENTRO, em coopera\u00e7\u00e3o com a JICA (Ag\u00eancia de Coopera\u00e7\u00e3o Internacional do Jap\u00e3o), com foco em planejamento participativo e gest\u00e3o ambiental integrada. Participei da Eco-92 e sou autor da obra <em data-start=\"1447\" data-end=\"1505\">Uma Vis\u00e3o Ecologista sobre Agricultura e Desenvolvimento<\/em>.<\/p><p data-start=\"1508\" data-end=\"1610\">Ingressei no IBAMA em 2003 por concurso p\u00fablico, consolidando minha atua\u00e7\u00e3o na \u00e1rea ambiental federal.<\/p><p data-start=\"1612\" data-end=\"1785\">Ao longo de mais de quatro d\u00e9cadas, venho dedicando minha vida profissional \u00e0 agroecologia, \u00e0s pol\u00edticas p\u00fablicas, ao desenvolvimento rural sustent\u00e1vel e \u00e0 gest\u00e3o ambiental.<\/p>\t\t\t\t\t\t\t\t<\/div>\n\t\t\t\t\t<\/div>\n\t\t<\/div>\n\t\t\t\t\t<\/div>\n\t\t<\/section>\n\t\t\t\t<\/div>\n\t\t","protected":false},"excerpt":{"rendered":"<p>Jairo Menegaz Engenheiro agr\u00f4nomo, servidor federal no IBAMA e Especialistas em Gest\u00e3o Ambiental e Ordenamento Territorial CIORD &#8211; Convenio UnB-SAE-PR ( Presid\u00eancia da Rep\u00fablica ) Sou Engenheiro Agr\u00f4nomo formado em Passo Fundo, com Especializa\u00e7\u00e3o em Gest\u00e3o Ambiental e Ordenamento Territorial pela UNB\/CIORD \u2013 SAE\/Presid\u00eancia da Rep\u00fablica. Minha trajet\u00f3ria profissional \u00e9 marcada pela integra\u00e7\u00e3o entre ci\u00eancia agron\u00f4mica, gest\u00e3o p\u00fablica e milit\u00e2ncia ambiental. Iniciei minha atua\u00e7\u00e3o ainda na juventude, participando de pesquisas pioneiras em manejo integrado de pragas e controle biol\u00f3gico ao lado de pesquisadores da Embrapa Trigo. Desde a d\u00e9cada de 1970, estou envolvido com o movimento ecol\u00f3gico e com iniciativas voltadas \u00e0 agricultura alternativa e \u00e0 agroecologia no Rio Grande do Sul. Fui vice-presidente da AGAPAN e atuei na SARGS, contribuindo para o fortalecimento do debate t\u00e9cnico sobre agricultura sustent\u00e1vel e reforma agr\u00e1ria. Em Porto Alegre, trabalhei como Diretor do Centro Agr\u00edcola Demonstrativo (CAD), onde desenvolvi programas de capacita\u00e7\u00e3o em agroecologia e apoiei a inser\u00e7\u00e3o de produtos org\u00e2nicos na rede p\u00fablica. Tamb\u00e9m participei do projeto de restaura\u00e7\u00e3o do Mercado P\u00fablico de Porto Alegre. Atuei em programas de desenvolvimento sustent\u00e1vel na Amaz\u00f4nia e no Rio Grande do Sul, incluindo o PRO-MAR de DENTRO, em coopera\u00e7\u00e3o com a JICA (Ag\u00eancia de Coopera\u00e7\u00e3o Internacional do Jap\u00e3o), com foco em planejamento participativo e gest\u00e3o ambiental integrada. Participei da Eco-92 e sou autor da obra Uma Vis\u00e3o Ecologista sobre Agricultura e Desenvolvimento. Ingressei no IBAMA em 2003 por concurso p\u00fablico, consolidando minha atua\u00e7\u00e3o na \u00e1rea ambiental federal. Ao longo de mais de quatro d\u00e9cadas, venho dedicando minha vida profissional \u00e0 agroecologia, \u00e0s pol\u00edticas p\u00fablicas, ao desenvolvimento rural sustent\u00e1vel e \u00e0 gest\u00e3o ambiental.<\/p>\n","protected":false},"author":1,"featured_media":0,"parent":0,"menu_order":0,"comment_status":"closed","ping_status":"closed","template":"elementor_canvas","meta":{"footnotes":""},"class_list":["post-207","page","type-page","status-publish","hentry"],"_links":{"self":[{"href":"https:\/\/jairomenegaz.com.br\/index.php\/wp-json\/wp\/v2\/pages\/207","targetHints":{"allow":["GET"]}}],"collection":[{"href":"https:\/\/jairomenegaz.com.br\/index.php\/wp-json\/wp\/v2\/pages"}],"about":[{"href":"https:\/\/jairomenegaz.com.br\/index.php\/wp-json\/wp\/v2\/types\/page"}],"author":[{"embeddable":true,"href":"https:\/\/jairomenegaz.com.br\/index.php\/wp-json\/wp\/v2\/users\/1"}],"replies":[{"embeddable":true,"href":"https:\/\/jairomenegaz.com.br\/index.php\/wp-json\/wp\/v2\/comments?post=207"}],"version-history":[{"count":103,"href":"https:\/\/jairomenegaz.com.br\/index.php\/wp-json\/wp\/v2\/pages\/207\/revisions"}],"predecessor-version":[{"id":1616,"href":"https:\/\/jairomenegaz.com.br\/index.php\/wp-json\/wp\/v2\/pages\/207\/revisions\/1616"}],"wp:attachment":[{"href":"https:\/\/jairomenegaz.com.br\/index.php\/wp-json\/wp\/v2\/media?parent=207"}],"curies":[{"name":"wp","href":"https:\/\/api.w.org\/{rel}","templated":true}]}}